{"id":3,"date":"2019-03-28T10:00:59","date_gmt":"2019-03-28T10:00:59","guid":{"rendered":"http:\/\/antalyakebab-food.fr\/?page_id=3"},"modified":"2025-06-01T01:44:32","modified_gmt":"2025-05-31T23:44:32","slug":"mentions-legales","status":"publish","type":"page","link":"https:\/\/antalyakebab-food.fr\/cugnaux\/mentions-legales\/","title":{"rendered":"Mentions l\u00e9gales"},"content":{"rendered":"<div class=\"wpb-content-wrapper\"><p>[vc_row][vc_column][vc_column_text css=\u00a0\u00bb\u00a0\u00bb]<\/p>\n<h2 data-start=\"260\" data-end=\"279\"><span class=\"_fadeIn_m1hgl_8\">Mentions <\/span><span class=\"_fadeIn_m1hgl_8\">l\u00e9gales<\/span><\/h2>\n<h3 data-start=\"281\" data-end=\"302\"><span class=\"_fadeIn_m1hgl_8\">\u00c9diteur <\/span><span class=\"_fadeIn_m1hgl_8\">du <\/span><span class=\"_fadeIn_m1hgl_8\">site<\/span><\/h3>\n<p data-start=\"303\" data-end=\"709\"><span class=\"_fadeIn_m1hgl_8\">Le <\/span><span class=\"_fadeIn_m1hgl_8\">pr\u00e9sent <\/span><span class=\"_fadeIn_m1hgl_8\">site <\/span><span class=\"_fadeIn_m1hgl_8\">est <\/span><span class=\"_fadeIn_m1hgl_8\">\u00e9dit\u00e9 <\/span><span class=\"_fadeIn_m1hgl_8\">par :<\/span><br data-start=\"334\" data-end=\"337\" \/>Antalya Kebab<br data-start=\"354\" data-end=\"357\" \/><span class=\"_fadeIn_m1hgl_8\">Soci\u00e9t\u00e9 <\/span><span class=\"_fadeIn_m1hgl_8\">par <\/span><span class=\"_fadeIn_m1hgl_8\">actions <\/span><span class=\"_fadeIn_m1hgl_8\">simplifi\u00e9e unipersonnelle (<\/span><span class=\"_fadeIn_m1hgl_8\">SASU)<\/span><br data-start=\"393\" data-end=\"396\" \/><strong data-start=\"396\" data-end=\"407\"><span class=\"_fadeIn_m1hgl_8\">SIREN :<\/span><\/strong> 790120828<br data-start=\"419\" data-end=\"422\" \/><strong data-start=\"422\" data-end=\"433\"><span class=\"_fadeIn_m1hgl_8\">SIRET :<\/span><\/strong> 79012082800013<br data-start=\"451\" data-end=\"454\" \/><strong data-start=\"454\" data-end=\"482\"><span class=\"_fadeIn_m1hgl_8\">TVA <\/span><span class=\"_fadeIn_m1hgl_8\">Intracommunautaire :<\/span><\/strong> FR74790120828<br data-start=\"499\" data-end=\"502\" \/><strong data-start=\"502\" data-end=\"522\"><span class=\"_fadeIn_m1hgl_8\">Code <\/span><span class=\"_fadeIn_m1hgl_8\">APE \/ <\/span><span class=\"_fadeIn_m1hgl_8\">NAF :<\/span><\/strong> 5610C<span class=\"_fadeIn_m1hgl_8\">\u2014 <\/span><span class=\"_fadeIn_m1hgl_8\">Restauration <\/span><span class=\"_fadeIn_m1hgl_8\">de <\/span><span class=\"_fadeIn_m1hgl_8\">type <\/span><span class=\"_fadeIn_m1hgl_8\">rapide<\/span><br data-start=\"559\" data-end=\"562\" \/><strong data-start=\"562\" data-end=\"575\"><span class=\"_fadeIn_m1hgl_8\">Adresse :<\/span><\/strong> LES COMMERCES DE DIANE, 151 ROUTE DE TOULOUSE, 31270 CUGNAUX<br data-start=\"676\" data-end=\"679\" \/><strong data-start=\"679\" data-end=\"694\"><span class=\"_fadeIn_m1hgl_8\">T\u00e9l\u00e9phone :<\/span><\/strong>05 61 86 45 23<\/p>\n<h3 data-start=\"711\" data-end=\"744\"><span class=\"_fadeIn_m1hgl_8\">Directeur <\/span><span class=\"_fadeIn_m1hgl_8\">de <\/span><span class=\"_fadeIn_m1hgl_8\">la <\/span><span class=\"_fadeIn_m1hgl_8\">publication<\/span><\/h3>\n<p data-start=\"745\" data-end=\"824\"><span class=\"_fadeIn_m1hgl_8\">Le <\/span><span class=\"_fadeIn_m1hgl_8\">directeur <\/span><span class=\"_fadeIn_m1hgl_8\">de <\/span><span class=\"_fadeIn_m1hgl_8\">la <\/span><span class=\"_fadeIn_m1hgl_8\">publication <\/span><span class=\"_fadeIn_m1hgl_8\">est : <\/span><strong data-start=\"782\" data-end=\"824\"><span class=\"_fadeIn_m1hgl_8\">Le <\/span><span class=\"_fadeIn_m1hgl_8\">repr\u00e9sentant <\/span><span class=\"_fadeIn_m1hgl_8\">l\u00e9gal <\/span><span class=\"_fadeIn_m1hgl_8\">de Antalya Kebab<\/span><\/strong><\/p>\n<h3 data-start=\"826\" data-end=\"851\"><span class=\"_fadeIn_m1hgl_8\">H\u00e9bergement <\/span><span class=\"_fadeIn_m1hgl_8\">du <\/span><span class=\"_fadeIn_m1hgl_8\">site<\/span><\/h3>\n<p data-start=\"852\" data-end=\"1024\"><span class=\"_fadeIn_m1hgl_8\">Le <\/span><span class=\"_fadeIn_m1hgl_8\">site <\/span><span class=\"_fadeIn_m1hgl_8\">est <\/span><span class=\"_fadeIn_m1hgl_8\">h\u00e9berg\u00e9 <\/span><span class=\"_fadeIn_m1hgl_8\">par :\u00a0<\/span><br data-start=\"954\" data-end=\"957\" \/><span class=\"_fadeIn_m1hgl_8\">L <\/span><span class=\"_fadeIn_m1hgl_8\">site <\/span><span class=\"_fadeIn_m1hgl_8\">est <\/span><span class=\"_fadeIn_m1hgl_8\">h\u00e9berg\u00e9 <\/span><span class=\"_fadeIn_m1hgl_8\">chez <\/span><span class=\"_fadeIn_m1hgl_8\">OVH\u00a0<\/span><\/p>\n<h3 data-start=\"1026\" data-end=\"1056\"><span class=\"_fadeIn_m1hgl_8\">Propri\u00e9t\u00e9 <\/span><span class=\"_fadeIn_m1hgl_8\">intellectuelle<\/span><\/h3>\n<p data-start=\"1057\" data-end=\"1427\"><span class=\"_fadeIn_m1hgl_8\">L\u2019ensemble <\/span><span class=\"_fadeIn_m1hgl_8\">du <\/span><span class=\"_fadeIn_m1hgl_8\">contenu <\/span><span class=\"_fadeIn_m1hgl_8\">du <\/span><span class=\"_fadeIn_m1hgl_8\">site (<\/span><span class=\"_fadeIn_m1hgl_8\">textes, <\/span><span class=\"_fadeIn_m1hgl_8\">images, <\/span><span class=\"_fadeIn_m1hgl_8\">logos, <\/span><span class=\"_fadeIn_m1hgl_8\">design, <\/span><span class=\"_fadeIn_m1hgl_8\">etc.) <\/span><span class=\"_fadeIn_m1hgl_8\">est <\/span><span class=\"_fadeIn_m1hgl_8\">la <\/span><span class=\"_fadeIn_m1hgl_8\">propri\u00e9t\u00e9 <\/span><span class=\"_fadeIn_m1hgl_8\">exclusive <\/span><span class=\"_fadeIn_m1hgl_8\">de Antalya Kebab<\/span><span class=\"_fadeIn_m1hgl_8\">, <\/span><span class=\"_fadeIn_m1hgl_8\">sauf <\/span><span class=\"_fadeIn_m1hgl_8\">mention <\/span><span class=\"_fadeIn_m1hgl_8\">contraire.<\/span><br data-start=\"1197\" data-end=\"1200\" \/><span class=\"_fadeIn_m1hgl_8\">Toute <\/span><span class=\"_fadeIn_m1hgl_8\">reproduction, <\/span><span class=\"_fadeIn_m1hgl_8\">repr\u00e9sentation, <\/span><span class=\"_fadeIn_m1hgl_8\">modification, <\/span><span class=\"_fadeIn_m1hgl_8\">publication, <\/span><span class=\"_fadeIn_m1hgl_8\">adaptation <\/span><span class=\"_fadeIn_m1hgl_8\">de <\/span><span class=\"_fadeIn_m1hgl_8\">tout <\/span><span class=\"_fadeIn_m1hgl_8\">ou <\/span><span class=\"_fadeIn_m1hgl_8\">partie <\/span><span class=\"_fadeIn_m1hgl_8\">des <\/span><span class=\"_fadeIn_m1hgl_8\">\u00e9l\u00e9ments <\/span><span class=\"_fadeIn_m1hgl_8\">du <\/span><span class=\"_fadeIn_m1hgl_8\">site, <\/span><span class=\"_fadeIn_m1hgl_8\">quel <\/span><span class=\"_fadeIn_m1hgl_8\">que <\/span><span class=\"_fadeIn_m1hgl_8\">soit <\/span><span class=\"_fadeIn_m1hgl_8\">le <\/span><span class=\"_fadeIn_m1hgl_8\">moyen <\/span><span class=\"_fadeIn_m1hgl_8\">ou <\/span><span class=\"_fadeIn_m1hgl_8\">le <\/span><span class=\"_fadeIn_m1hgl_8\">proc\u00e9d\u00e9 <\/span><span class=\"_fadeIn_m1hgl_8\">utilis\u00e9, <\/span><span class=\"_fadeIn_m1hgl_8\">est <\/span><span class=\"_fadeIn_m1hgl_8\">interdite, <\/span><span class=\"_fadeIn_m1hgl_8\">sauf <\/span><span class=\"_fadeIn_m1hgl_8\">autorisation <\/span><span class=\"_fadeIn_m1hgl_8\">\u00e9crite <\/span><span class=\"_fadeIn_m1hgl_8\">pr\u00e9alable <\/span><span class=\"_fadeIn_m1hgl_8\">de Antalya Kebab<\/span><span class=\"_fadeIn_m1hgl_8\">.<\/span><\/p>\n<h3 data-start=\"1429\" data-end=\"1455\"><span class=\"_fadeIn_m1hgl_8\">Donn\u00e9es <\/span><span class=\"_fadeIn_m1hgl_8\">personnelles<\/span><\/h3>\n<p data-start=\"1456\" data-end=\"1673\"><span class=\"_fadeIn_m1hgl_8\">Le <\/span><span class=\"_fadeIn_m1hgl_8\">site <\/span><span class=\"_fadeIn_m1hgl_8\">peut <\/span><span class=\"_fadeIn_m1hgl_8\">collecter <\/span><span class=\"_fadeIn_m1hgl_8\">des <\/span><span class=\"_fadeIn_m1hgl_8\">donn\u00e9es <\/span><span class=\"_fadeIn_m1hgl_8\">personnelles <\/span><span class=\"_fadeIn_m1hgl_8\">dans <\/span><span class=\"_fadeIn_m1hgl_8\">le <\/span><span class=\"_fadeIn_m1hgl_8\">cadre <\/span><span class=\"_fadeIn_m1hgl_8\">des <\/span><span class=\"_fadeIn_m1hgl_8\">commandes <\/span><span class=\"_fadeIn_m1hgl_8\">en <\/span><span class=\"_fadeIn_m1hgl_8\">ligne <\/span><span class=\"_fadeIn_m1hgl_8\">ou <\/span><span class=\"_fadeIn_m1hgl_8\">du <\/span><span class=\"_fadeIn_m1hgl_8\">formulaire <\/span><span class=\"_fadeIn_m1hgl_8\">de <\/span><span class=\"_fadeIn_m1hgl_8\">contact. <\/span><span class=\"_fadeIn_m1hgl_8\">Ces <\/span><span class=\"_fadeIn_m1hgl_8\">donn\u00e9es <\/span><span class=\"_fadeIn_m1hgl_8\">sont <\/span><span class=\"_fadeIn_m1hgl_8\">destin\u00e9es <\/span><span class=\"_fadeIn_m1hgl_8\">exclusivement <\/span><span class=\"_fadeIn_m1hgl_8\">\u00e0 Antalya Kebab<\/span><span class=\"_fadeIn_m1hgl_8\">\u00a0<\/span><span class=\"_fadeIn_m1hgl_8\">et <\/span><span class=\"_fadeIn_m1hgl_8\">ne <\/span><span class=\"_fadeIn_m1hgl_8\">sont <\/span><span class=\"_fadeIn_m1hgl_8\">en <\/span><span class=\"_fadeIn_m1hgl_8\">aucun <\/span><span class=\"_fadeIn_m1hgl_8\">cas <\/span><span class=\"_fadeIn_m1hgl_8\">revendues <\/span><span class=\"_fadeIn_m1hgl_8\">\u00e0 <\/span><span class=\"_fadeIn_m1hgl_8\">des <\/span><span class=\"_fadeIn_m1hgl_8\">tiers.<\/span><\/p>\n<p data-start=\"1675\" data-end=\"1944\"><span class=\"_fadeIn_m1hgl_8\">Conform\u00e9ment <\/span><span class=\"_fadeIn_m1hgl_8\">au <\/span><span class=\"_fadeIn_m1hgl_8\">R\u00e8glement <\/span><span class=\"_fadeIn_m1hgl_8\">G\u00e9n\u00e9ral <\/span><span class=\"_fadeIn_m1hgl_8\">sur <\/span><span class=\"_fadeIn_m1hgl_8\">la <\/span><span class=\"_fadeIn_m1hgl_8\">Protection <\/span><span class=\"_fadeIn_m1hgl_8\">des <\/span><span class=\"_fadeIn_m1hgl_8\">Donn\u00e9es (<\/span><span class=\"_fadeIn_m1hgl_8\">RGPD), <\/span><span class=\"_fadeIn_m1hgl_8\">vous <\/span><span class=\"_fadeIn_m1hgl_8\">disposez <\/span><span class=\"_fadeIn_m1hgl_8\">d\u2019un <\/span><span class=\"_fadeIn_m1hgl_8\">droit <\/span><span class=\"_fadeIn_m1hgl_8\">d\u2019acc\u00e8s, <\/span><span class=\"_fadeIn_m1hgl_8\">de <\/span><span class=\"_fadeIn_m1hgl_8\">rectification, <\/span><span class=\"_fadeIn_m1hgl_8\">de <\/span><span class=\"_fadeIn_m1hgl_8\">suppression <\/span><span class=\"_fadeIn_m1hgl_8\">et <\/span><span class=\"_fadeIn_m1hgl_8\">d\u2019opposition <\/span><span class=\"_fadeIn_m1hgl_8\">\u00e0 <\/span><span class=\"_fadeIn_m1hgl_8\">vos <\/span><span class=\"_fadeIn_m1hgl_8\">donn\u00e9es <\/span><span class=\"_fadeIn_m1hgl_8\">personnelles.<\/span><br data-start=\"1857\" data-end=\"1860\" \/><span class=\"_fadeIn_m1hgl_8\">Pour <\/span><span class=\"_fadeIn_m1hgl_8\">exercer <\/span><span class=\"_fadeIn_m1hgl_8\">ces <\/span><span class=\"_fadeIn_m1hgl_8\">droits, <\/span><span class=\"_fadeIn_m1hgl_8\">veuillez <\/span><span class=\"_fadeIn_m1hgl_8\">contacter Antalya Kebab<\/span><span class=\"_fadeIn_m1hgl_8\">\u00a0<\/span><span class=\"_fadeIn_m1hgl_8\">par <\/span><span class=\"_fadeIn_m1hgl_8\">courrier <\/span><span class=\"_fadeIn_m1hgl_8\">ou <\/span><span class=\"_fadeIn_m1hgl_8\">par <\/span><span class=\"_fadeIn_m1hgl_8\">email.<\/span><\/p>\n<h3 data-start=\"1946\" data-end=\"1959\"><span class=\"_fadeIn_m1hgl_8\">Cookies<\/span><\/h3>\n<p data-start=\"1960\" data-end=\"2111\"><span class=\"_fadeIn_m1hgl_8\">Le <\/span><span class=\"_fadeIn_m1hgl_8\">site <\/span><span class=\"_fadeIn_m1hgl_8\">peut <\/span><span class=\"_fadeIn_m1hgl_8\">utiliser <\/span><span class=\"_fadeIn_m1hgl_8\">des <\/span><span class=\"_fadeIn_m1hgl_8\">cookies <\/span><span class=\"_fadeIn_m1hgl_8\">pour <\/span><span class=\"_fadeIn_m1hgl_8\">am\u00e9liorer <\/span><span class=\"_fadeIn_m1hgl_8\">l\u2019exp\u00e9rience <\/span><span class=\"_fadeIn_m1hgl_8\">utilisateur. <\/span><span class=\"_fadeIn_m1hgl_8\">En <\/span><span class=\"_fadeIn_m1hgl_8\">poursuivant <\/span><span class=\"_fadeIn_m1hgl_8\">votre <\/span><span class=\"_fadeIn_m1hgl_8\">navigation, <\/span><span class=\"_fadeIn_m1hgl_8\">vous <\/span><span class=\"_fadeIn_m1hgl_8\">acceptez <\/span><span class=\"_fadeIn_m1hgl_8\">l\u2019utilisation <\/span><span class=\"_fadeIn_m1hgl_8\">de <\/span><span class=\"_fadeIn_m1hgl_8\">ces <\/span><span class=\"_fadeIn_m1hgl_8\">cookies.<\/span><\/p>\n<p>[\/vc_column_text][\/vc_column][\/vc_row]<\/p>\n<\/div>","protected":false},"excerpt":{"rendered":"<p>[vc_row][vc_column][vc_column_text css=\u00a0\u00bb\u00a0\u00bb] Mentions l\u00e9gales \u00c9diteur du site Le pr\u00e9sent site est \u00e9dit\u00e9 par :Antalya KebabSoci\u00e9t\u00e9 par actions simplifi\u00e9e unipersonnelle (SASU)SIREN : 790120828SIRET : 79012082800013TVA Intracommunautaire : FR74790120828Code APE \/ NAF : 5610C\u2014 Restauration de type rapideAdresse : LES COMMERCES DE DIANE, 151 ROUTE DE TOULOUSE, 31270 CUGNAUXT\u00e9l\u00e9phone :05 61 86 45 23 Directeur de la&#8230;<a class=\"r_more_blog\" href=\"https:\/\/antalyakebab-food.fr\/cugnaux\/mentions-legales\/#more-3\"> Continuer la lecture<\/a><\/p>\n","protected":false},"author":1,"featured_media":0,"parent":0,"menu_order":0,"comment_status":"closed","ping_status":"open","template":"","meta":{"footnotes":""},"class_list":["post-3","page","type-page","status-publish","hentry"],"yoast_head":"<!-- This site is optimized with the Yoast SEO plugin v27.4 - https:\/\/yoast.com\/product\/yoast-seo-wordpress\/ -->\n<title>Mentions l\u00e9gales - Antalya Kebab Toulouse \u2013 Cugnaux &amp; Portet<\/title>\n<meta name=\"robots\" content=\"index, follow, max-snippet:-1, max-image-preview:large, max-video-preview:-1\" \/>\n<link rel=\"canonical\" href=\"https:\/\/antalyakebab-food.fr\/cugnaux\/mentions-legales\/\" \/>\n<meta property=\"og:locale\" content=\"fr_FR\" \/>\n<meta property=\"og:type\" content=\"article\" \/>\n<meta property=\"og:title\" content=\"Mentions l\u00e9gales - Antalya Kebab Toulouse \u2013 Cugnaux &amp; Portet\" \/>\n<meta property=\"og:description\" content=\"[vc_row][vc_column][vc_column_text css=\u00a0\u00bb\u00a0\u00bb] Mentions l\u00e9gales \u00c9diteur du site Le pr\u00e9sent site est \u00e9dit\u00e9 par :Antalya KebabSoci\u00e9t\u00e9 par actions simplifi\u00e9e unipersonnelle (SASU)SIREN : 790120828SIRET : 79012082800013TVA Intracommunautaire : FR74790120828Code APE \/ NAF : 5610C\u2014 Restauration de type rapideAdresse : LES COMMERCES DE DIANE, 151 ROUTE DE TOULOUSE, 31270 CUGNAUXT\u00e9l\u00e9phone :05 61 86 45 23 Directeur de la... Continuer la lecture\" \/>\n<meta property=\"og:url\" content=\"https:\/\/antalyakebab-food.fr\/cugnaux\/mentions-legales\/\" \/>\n<meta property=\"og:site_name\" content=\"Antalya Kebab Toulouse \u2013 Cugnaux &amp; Portet\" \/>\n<meta property=\"article:modified_time\" content=\"2025-05-31T23:44:32+00:00\" \/>\n<meta name=\"twitter:card\" content=\"summary_large_image\" \/>\n<meta name=\"twitter:label1\" content=\"Dur\u00e9e de lecture estim\u00e9e\" \/>\n\t<meta name=\"twitter:data1\" content=\"2 minutes\" \/>\n<script type=\"application\/ld+json\" class=\"yoast-schema-graph\">{\"@context\":\"https:\\\/\\\/schema.org\",\"@graph\":[{\"@type\":\"WebPage\",\"@id\":\"https:\\\/\\\/antalyakebab-food.fr\\\/cugnaux\\\/mentions-legales\\\/\",\"url\":\"https:\\\/\\\/antalyakebab-food.fr\\\/cugnaux\\\/mentions-legales\\\/\",\"name\":\"Mentions l\u00e9gales - Antalya Kebab Toulouse \u2013 Cugnaux &amp; Portet\",\"isPartOf\":{\"@id\":\"https:\\\/\\\/antalyakebab-food.fr\\\/cugnaux\\\/#website\"},\"datePublished\":\"2019-03-28T10:00:59+00:00\",\"dateModified\":\"2025-05-31T23:44:32+00:00\",\"breadcrumb\":{\"@id\":\"https:\\\/\\\/antalyakebab-food.fr\\\/cugnaux\\\/mentions-legales\\\/#breadcrumb\"},\"inLanguage\":\"fr-FR\",\"potentialAction\":[{\"@type\":\"ReadAction\",\"target\":[\"https:\\\/\\\/antalyakebab-food.fr\\\/cugnaux\\\/mentions-legales\\\/\"]}]},{\"@type\":\"BreadcrumbList\",\"@id\":\"https:\\\/\\\/antalyakebab-food.fr\\\/cugnaux\\\/mentions-legales\\\/#breadcrumb\",\"itemListElement\":[{\"@type\":\"ListItem\",\"position\":1,\"name\":\"Accueil\",\"item\":\"https:\\\/\\\/antalyakebab-food.fr\\\/cugnaux\\\/\"},{\"@type\":\"ListItem\",\"position\":2,\"name\":\"Mentions l\u00e9gales\"}]},{\"@type\":\"WebSite\",\"@id\":\"https:\\\/\\\/antalyakebab-food.fr\\\/cugnaux\\\/#website\",\"url\":\"https:\\\/\\\/antalyakebab-food.fr\\\/cugnaux\\\/\",\"name\":\"Antalya Kebab Toulouse \u2013 Cugnaux & Portet\",\"description\":\"Sandwichs, Burger , Tacos \u00e0 Toulouse\",\"potentialAction\":[{\"@type\":\"SearchAction\",\"target\":{\"@type\":\"EntryPoint\",\"urlTemplate\":\"https:\\\/\\\/antalyakebab-food.fr\\\/cugnaux\\\/?s={search_term_string}\"},\"query-input\":{\"@type\":\"PropertyValueSpecification\",\"valueRequired\":true,\"valueName\":\"search_term_string\"}}],\"inLanguage\":\"fr-FR\"}]}<\/script>\n<!-- \/ Yoast SEO plugin. -->","yoast_head_json":{"title":"Mentions l\u00e9gales - Antalya Kebab Toulouse \u2013 Cugnaux &amp; Portet","robots":{"index":"index","follow":"follow","max-snippet":"max-snippet:-1","max-image-preview":"max-image-preview:large","max-video-preview":"max-video-preview:-1"},"canonical":"https:\/\/antalyakebab-food.fr\/cugnaux\/mentions-legales\/","og_locale":"fr_FR","og_type":"article","og_title":"Mentions l\u00e9gales - Antalya Kebab Toulouse \u2013 Cugnaux &amp; Portet","og_description":"[vc_row][vc_column][vc_column_text css=\u00a0\u00bb\u00a0\u00bb] Mentions l\u00e9gales \u00c9diteur du site Le pr\u00e9sent site est \u00e9dit\u00e9 par :Antalya KebabSoci\u00e9t\u00e9 par actions simplifi\u00e9e unipersonnelle (SASU)SIREN : 790120828SIRET : 79012082800013TVA Intracommunautaire : FR74790120828Code APE \/ NAF : 5610C\u2014 Restauration de type rapideAdresse : LES COMMERCES DE DIANE, 151 ROUTE DE TOULOUSE, 31270 CUGNAUXT\u00e9l\u00e9phone :05 61 86 45 23 Directeur de la... Continuer la lecture","og_url":"https:\/\/antalyakebab-food.fr\/cugnaux\/mentions-legales\/","og_site_name":"Antalya Kebab Toulouse \u2013 Cugnaux &amp; Portet","article_modified_time":"2025-05-31T23:44:32+00:00","twitter_card":"summary_large_image","twitter_misc":{"Dur\u00e9e de lecture estim\u00e9e":"2 minutes"},"schema":{"@context":"https:\/\/schema.org","@graph":[{"@type":"WebPage","@id":"https:\/\/antalyakebab-food.fr\/cugnaux\/mentions-legales\/","url":"https:\/\/antalyakebab-food.fr\/cugnaux\/mentions-legales\/","name":"Mentions l\u00e9gales - Antalya Kebab Toulouse \u2013 Cugnaux &amp; Portet","isPartOf":{"@id":"https:\/\/antalyakebab-food.fr\/cugnaux\/#website"},"datePublished":"2019-03-28T10:00:59+00:00","dateModified":"2025-05-31T23:44:32+00:00","breadcrumb":{"@id":"https:\/\/antalyakebab-food.fr\/cugnaux\/mentions-legales\/#breadcrumb"},"inLanguage":"fr-FR","potentialAction":[{"@type":"ReadAction","target":["https:\/\/antalyakebab-food.fr\/cugnaux\/mentions-legales\/"]}]},{"@type":"BreadcrumbList","@id":"https:\/\/antalyakebab-food.fr\/cugnaux\/mentions-legales\/#breadcrumb","itemListElement":[{"@type":"ListItem","position":1,"name":"Accueil","item":"https:\/\/antalyakebab-food.fr\/cugnaux\/"},{"@type":"ListItem","position":2,"name":"Mentions l\u00e9gales"}]},{"@type":"WebSite","@id":"https:\/\/antalyakebab-food.fr\/cugnaux\/#website","url":"https:\/\/antalyakebab-food.fr\/cugnaux\/","name":"Antalya Kebab Toulouse \u2013 Cugnaux & Portet","description":"Sandwichs, Burger , Tacos \u00e0 Toulouse","potentialAction":[{"@type":"SearchAction","target":{"@type":"EntryPoint","urlTemplate":"https:\/\/antalyakebab-food.fr\/cugnaux\/?s={search_term_string}"},"query-input":{"@type":"PropertyValueSpecification","valueRequired":true,"valueName":"search_term_string"}}],"inLanguage":"fr-FR"}]}},"jetpack_sharing_enabled":true,"_links":{"self":[{"href":"https:\/\/antalyakebab-food.fr\/cugnaux\/wp-json\/wp\/v2\/pages\/3","targetHints":{"allow":["GET"]}}],"collection":[{"href":"https:\/\/antalyakebab-food.fr\/cugnaux\/wp-json\/wp\/v2\/pages"}],"about":[{"href":"https:\/\/antalyakebab-food.fr\/cugnaux\/wp-json\/wp\/v2\/types\/page"}],"author":[{"embeddable":true,"href":"https:\/\/antalyakebab-food.fr\/cugnaux\/wp-json\/wp\/v2\/users\/1"}],"replies":[{"embeddable":true,"href":"https:\/\/antalyakebab-food.fr\/cugnaux\/wp-json\/wp\/v2\/comments?post=3"}],"version-history":[{"count":3,"href":"https:\/\/antalyakebab-food.fr\/cugnaux\/wp-json\/wp\/v2\/pages\/3\/revisions"}],"predecessor-version":[{"id":6258,"href":"https:\/\/antalyakebab-food.fr\/cugnaux\/wp-json\/wp\/v2\/pages\/3\/revisions\/6258"}],"wp:attachment":[{"href":"https:\/\/antalyakebab-food.fr\/cugnaux\/wp-json\/wp\/v2\/media?parent=3"}],"curies":[{"name":"wp","href":"https:\/\/api.w.org\/{rel}","templated":true}]}}